{"id":1189,"date":"2021-04-18T13:01:29","date_gmt":"2021-04-18T13:01:29","guid":{"rendered":"https:\/\/alanyaestate.com\/?page_id=1189"},"modified":"2022-10-04T09:49:06","modified_gmt":"2022-10-04T09:49:06","slug":"testimonials","status":"publish","type":"page","link":"https:\/\/alanyaestate.com\/tr\/testimonials\/","title":{"rendered":"Referanslar"},"content":{"rendered":"<p>[vc_row css=&#8221;.vc_custom_1664270604166{background-image: url(https:\/\/alanyaestate.com\/wp-content\/uploads\/2022\/09\/bg@testimonials.jpg?id=18774) !important;}&#8221; el_class=&#8221;testimonials-hero&#8221;][vc_column el_class=&#8221;details&#8221;][vc_column_text]<\/p>\n<div class=\"container\">\n<div class=\"hero\">\u0130ncemelere Bir G\u00f6z At\u0131n.<\/div>\n<div class=\"desc\">Bizimle Tan\u0131\u015fmaktan Asla Hayal K\u0131r\u0131kl\u0131\u011f\u0131na U\u011framayacaks\u0131n\u0131z.<\/div>\n<p><a href=\"https:\/\/alanyaestate.com\/contact\/\">\u015e\u0130MD\u0130 \u0130LET\u0130\u015e\u0130ME GE\u00c7\u0130N\u0130Z.<\/a><\/p>\n<\/div>\n<p>[\/vc_column_text][\/vc_column][\/vc_row][vc_row el_class=&#8221;customers-area&#8221;][vc_column css=&#8221;.vc_custom_1618819280493{padding-top: 0px !important;}&#8221;]<div class=\"hero section-hero\"><strong>Hakk\u0131m\u0131zdaki Yorumlar.<\/strong>?<\/div>    <div class=\"carousel-container \">\n        <div class=\"prev-button js-prev\"><\/div>\n        <div class=\"next-button js-next\"><\/div>\n        <div class=\"comments-carousel js-comments-carousel\">\n                    <\/div>\n    <\/div>\n    [\/vc_column][\/vc_row][vc_row el_class=&#8221;customers-area&#8221;][vc_column width=&#8221;2\/3&#8243; css=&#8221;.vc_custom_1618765924912{padding-right: 30px !important;}&#8221;]<div class=\"hero section-hero\">\u00dc\u00e7retsiz Emlak Turu.?<\/div>[vc_single_image image=&#8221;1211&#8243; img_size=&#8221;full&#8221; css_animation=&#8221;bounceIn&#8221; css=&#8221;.vc_custom_1618766442426{margin-top: 50px !important;}&#8221;][\/vc_column][vc_column width=&#8221;1\/3&#8243; css=&#8221;.vc_custom_1618765093404{padding: 30px !important;border: 1px solid #646f86 !important;border-radius: 5px !important;}&#8221;][vc_column_text css=&#8221;.vc_custom_1645542221181{margin-bottom: 0px !important;}&#8221;]<strong><a class=\"btn btn-block btn-outline-success mt-3\" href=\"#\">G\u00f6r\u00fcnt\u00fcl\u00fc Emlak Turu<\/a><\/strong>[\/vc_column_text][\/vc_column][\/vc_row][vc_row el_class=&#8221;reviews-area&#8221;][vc_column]<div class=\"hero section-hero\"><strong>Bizim M\u00fc\u015fterilerimizin Yorumlar\u0131<\/strong><\/div>        <div class=\"list scrollbar-rail\">\n            <div class=\"row\">\n                            <\/div>\n        <\/div>\n\n                <div class=\"mb-2 mr-3 mt-4 text-right\">\n            <a href=\"https:\/\/alanyaestate.com\/tr\/testimonial\/\" class=\"btn btn-block btn-outline-success\">Show All<\/a>\n        <\/div>\n        [\/vc_column][\/vc_row][vc_row][vc_column el_class=&#8221;listing-form-area&#8221;]<div class=\"hero default\">Leave a request for an personal selection<\/div><div class=\"desc subhead\"><strong>A\u015fa\u011f\u0131daki Mail Formuna Bilgilerinizi Girin, Dan\u0131\u015fmanlar\u0131m\u0131z Size Detayl\u0131 Bilgi Versin.<\/strong><\/div>\n<div class=\"wpcf7 no-js\" id=\"wpcf7-f18785-o2\" lang=\"en-US\" dir=\"ltr\" data-wpcf7-id=\"18785\">\n<div class=\"screen-reader-response\"><p role=\"status\" aria-live=\"polite\" aria-atomic=\"true\"><\/p> <ul><\/ul><\/div>\n<form action=\"\/tr\/wp-json\/wp\/v2\/pages\/1189#wpcf7-f18785-o2\" method=\"post\" class=\"wpcf7-form init\" aria-label=\"Contact form\" novalidate=\"novalidate\" data-status=\"init\">\n<fieldset class=\"hidden-fields-container\"><input type=\"hidden\" name=\"_wpcf7\" value=\"18785\" \/><input type=\"hidden\" name=\"_wpcf7_version\" value=\"6.1.4\" \/><input type=\"hidden\" name=\"_wpcf7_locale\" value=\"en_US\" \/><input type=\"hidden\" name=\"_wpcf7_unit_tag\" value=\"wpcf7-f18785-o2\" \/><input type=\"hidden\" name=\"_wpcf7_container_post\" value=\"0\" \/><input type=\"hidden\" name=\"_wpcf7_posted_data_hash\" value=\"\" \/><input type=\"hidden\" name=\"_wpcf7_recaptcha_response\" value=\"\" \/>\n<\/fieldset>\n<div class=\"fields fields-3\">\n<span class=\"wpcf7-form-control-wrap\" data-name=\"your-name\"><input size=\"40\" maxlength=\"400\" class=\"wpcf7-form-control wpcf7-text wpcf7-validates-as-required name\" aria-required=\"true\" aria-invalid=\"false\" placeholder=\"\u0130sim*\" value=\"\" type=\"text\" name=\"your-name\" \/><\/span>\n<span class=\"wpcf7-form-control-wrap\" data-name=\"your-email\"><input size=\"40\" maxlength=\"400\" class=\"wpcf7-form-control wpcf7-email wpcf7-validates-as-required wpcf7-text wpcf7-validates-as-email email\" aria-required=\"true\" aria-invalid=\"false\" placeholder=\"E-Mail*\" value=\"\" type=\"email\" name=\"your-email\" \/><\/span>\n<span class=\"wpcf7-form-control-wrap\" data-name=\"your-phone\"><input size=\"40\" maxlength=\"400\" class=\"wpcf7-form-control wpcf7-tel wpcf7-text wpcf7-validates-as-tel phone\" aria-invalid=\"false\" placeholder=\"Telefon\" value=\"\" type=\"tel\" name=\"your-phone\" \/><\/span>\n<\/div>\n<div class=\"fields fields-odd\">\n<span class=\"wpcf7-form-control-wrap\" data-name=\"your-question\"><input size=\"40\" maxlength=\"400\" class=\"wpcf7-form-control wpcf7-text wpcf7-validates-as-required question\" aria-required=\"true\" aria-invalid=\"false\" placeholder=\"Sorunuz?\" value=\"\" type=\"text\" name=\"your-question\" \/><\/span>\n<input class=\"wpcf7-form-control wpcf7-submit has-spinner\" type=\"submit\" value=\"G\u00d6NDER\" \/>\n<\/div><div class=\"wpcf7-response-output\" aria-hidden=\"true\"><\/div>\n<\/form>\n<\/div>\n[\/vc_column][\/vc_row]<\/p>","protected":false},"excerpt":{"rendered":"<p>[vc_row css=&#8221;.vc_custom_1664270604166{background-image: url(https:\/\/alanyaestate.com\/wp-content\/uploads\/2022\/09\/bg@testimonials.jpg?id=18774) !important;}&#8221; el_class=&#8221;testimonials-hero&#8221;][vc_column el_class=&#8221;details&#8221;][vc_column_text] \u0130ncemelere Bir G\u00f6z At\u0131n. Bizimle Tan\u0131\u015fmaktan Asla Hayal K\u0131r\u0131kl\u0131\u011f\u0131na U\u011framayacaks\u0131n\u0131z. \u015e\u0130MD\u0130 \u0130LET\u0130\u015e\u0130ME GE\u00c7\u0130N\u0130Z. [\/vc_column_text][\/vc_column][\/vc_row][vc_row el_class=&#8221;customers-area&#8221;][vc_column css=&#8221;.vc_custom_1618819280493{padding-top: 0px !important;}&#8221;][\/vc_column][\/vc_row][vc_row el_class=&#8221;customers-area&#8221;][vc_column width=&#8221;2\/3&#8243; css=&#8221;.vc_custom_1618765924912{padding-right: 30px !important;}&#8221;][vc_single_image image=&#8221;1211&#8243; img_size=&#8221;full&#8221; css_animation=&#8221;bounceIn&#8221; css=&#8221;.vc_custom_1618766442426{margin-top: 50px !important;}&#8221;][\/vc_column][vc_column width=&#8221;1\/3&#8243; css=&#8221;.vc_custom_1618765093404{padding: 30px !important;border: 1px solid #646f86 !important;border-radius: 5px !important;}&#8221;][vc_column_text css=&#8221;.vc_custom_1645542221181{margin-bottom: 0px !important;}&#8221;]G\u00f6r\u00fcnt\u00fcl\u00fc Emlak Turu[\/vc_column_text][\/vc_column][\/vc_row][vc_row el_class=&#8221;reviews-area&#8221;][vc_column][\/vc_column][\/vc_row][vc_row][vc_column el_class=&#8221;listing-form-area&#8221;][\/vc_column][\/vc_row]<\/p>\n","protected":false},"author":5,"featured_media":0,"parent":0,"menu_order":0,"comment_status":"closed","ping_status":"closed","template":"","meta":{"inline_featured_image":false,"footnotes":""},"class_list":["post-1189","page","type-page","status-publish","hentry"],"_links":{"self":[{"href":"https:\/\/alanyaestate.com\/tr\/wp-json\/wp\/v2\/pages\/1189","targetHints":{"allow":["GET"]}}],"collection":[{"href":"https:\/\/alanyaestate.com\/tr\/wp-json\/wp\/v2\/pages"}],"about":[{"href":"https:\/\/alanyaestate.com\/tr\/wp-json\/wp\/v2\/types\/page"}],"author":[{"embeddable":true,"href":"https:\/\/alanyaestate.com\/tr\/wp-json\/wp\/v2\/users\/5"}],"replies":[{"embeddable":true,"href":"https:\/\/alanyaestate.com\/tr\/wp-json\/wp\/v2\/comments?post=1189"}],"version-history":[{"count":3,"href":"https:\/\/alanyaestate.com\/tr\/wp-json\/wp\/v2\/pages\/1189\/revisions"}],"predecessor-version":[{"id":19382,"href":"https:\/\/alanyaestate.com\/tr\/wp-json\/wp\/v2\/pages\/1189\/revisions\/19382"}],"wp:attachment":[{"href":"https:\/\/alanyaestate.com\/tr\/wp-json\/wp\/v2\/media?parent=1189"}],"curies":[{"name":"wp","href":"https:\/\/api.w.org\/{rel}","templated":true}]}}