{"id":1311,"date":"2021-04-27T07:28:07","date_gmt":"2021-04-27T07:28:07","guid":{"rendered":"https:\/\/alanyaestate.com\/?page_id=1311"},"modified":"2022-10-06T07:21:09","modified_gmt":"2022-10-06T07:21:09","slug":"about-us","status":"publish","type":"page","link":"https:\/\/alanyaestate.com\/tr\/about-us\/","title":{"rendered":"Hakk\u0131m\u0131zda"},"content":{"rendered":"<p>[vc_row][vc_column]<div class=\"hero cast-title title-smaller\"><strong>F\u0130RMAMIZIN HAKKINDA<\/strong><\/div>[vc_column_text]<\/p>\n<h1 style=\"font-weight: 500;\"><b><strong>Alanya Estate \/ Property Emlak ve \u0130n\u015faat\u00a0 firmas\u0131 se\u00e7kin ve geni\u015f Portf\u00f6y\u00fc ile Akdeniz\u2019in incisi Alanya\u2019da kurulmu\u015ftur.<\/strong><\/b><\/h1>\n<p><span style=\"font-weight: 400;\">\u00a0<\/span><\/p>\n<p style=\"font-weight: 400;\">Gayrimenkul sekt\u00f6r\u00fcnde m\u00fc\u015fteri memnuniyeti ve g\u00fcven ihtiya\u00e7 duyulan en \u00f6nemli kriterlerin ba\u015f\u0131nda gelmektedir. M\u00fc\u015fteri memnuniyeti odakl\u0131 kalite anlay\u0131\u015f\u0131yla \u00e7\u00f6z\u00fcm orta\u011f\u0131 olarak hareket eden\u00a0<b><strong>Alanya<\/strong><\/b><b><strong>\u00a0<\/strong><\/b><b><strong>Estate<\/strong><\/b>, bu ihtiyac\u0131 kar\u015f\u0131lamak amac\u0131yla konusunda uzman kadrosuyla, farkl\u0131 fiyat ve \u00f6zelliklerde geni\u015f portf\u00f6y\u00fc, do\u011fru netlikte ekspertiz hizmeti \u00e7al\u0131\u015fmalar\u0131ndan, daire, arsa, i\u015fyeri al\u0131m sat\u0131m\u0131 hizmetleriyle, anla\u015fmal\u0131 bankalar\u0131m\u0131zdan en uygun oran ve ko\u015fullarda kredi \u00e7al\u0131\u015fmalar\u0131ndan ve tapu organizasyonundan sat\u0131\u015f sonras\u0131 hizmete kadar geni\u015f bir yelpazede hizmet vermektedir.<\/p>\n<p style=\"font-weight: 400;\">Alanya Estate; D\u00fcnya Teknolojisine ve Emlak Sekt\u00f6r\u00fcne Yat\u0131r\u0131m Yaparak Hizmet verdi\u011fi sekt\u00f6rde \u00f6nc\u00fc durumda olmaktad\u0131r. Emlak ( Gayrimenkul ) Sekt\u00f6r\u00fcnde Her ge\u00e7en g\u00fcn insanlar ve firmalar teknolojiye ayak uydurdu\u011fu gibi emlak sekt\u00f6r\u00fc de bu geli\u015fmeden pay\u0131n\u0131 almaktad\u0131r. T\u00fcm D\u00fcnyan\u0131n Dijital d\u00fcnyada istedi\u011fi gayrimenkul\u00fc istedi\u011fi dakikada ve saniyede g\u00f6rebildi\u011fi gibi bu hizmeti Antalya, Alanya B\u00f6lgesinde\u00a0<b><strong>Alanya Estate\u00a0<\/strong><\/b>Firmas\u0131 Siz De\u011ferli M\u00fc\u015fterilerine Sunmaktad\u0131r.<\/p>\n<p style=\"font-weight: 400;\">Her \u0130nsano\u011flunun hayalleri oldu\u011fu gibi firmam\u0131z\u0131n da, Siz de\u011ferli m\u00fc\u015fterilerine kar\u015f\u0131 hayalleri ve sorumluluklar\u0131 vard\u0131r. Siz de\u011ferli m\u00fc\u015fterilerimizin, Hayallerini her saniye ger\u00e7e\u011fe d\u00f6n\u00fc\u015ft\u00fcrmeniz ve ideallerinizle en uygun gayrimenkul\u00fc\u00a0<b><strong>Alanya Estate<\/strong><\/b>\u00a0Firmas\u0131nda Ger\u00e7e\u011fe D\u00f6n\u00fc\u015ft\u00fcrebilir ve temin edebilirsiniz.<\/p>\n<p style=\"font-weight: 400;\"><b><strong>Alanya Estate<\/strong><\/b>\u00a0<b><strong>Firmas\u0131<\/strong><\/b><b><strong>;<\/strong><\/b>\u00a0T\u00fcrkiye\u2018nin t\u00fcm il ve il\u00e7elerinde kasabalar\u0131nda hayalleriniz ve idealleriniz olan Gayrimenkul\u00fc Siz \u00c7aba Sarf Etmeden Sizin Dijital D\u00fcnyada Onu G\u00f6rmenizi Sa\u011flamaktad\u0131r.<\/p>\n<p style=\"font-weight: 400;\"><b><strong>Alanya Estate \/ Property;\u00a0<\/strong><\/b>Firmam\u0131z Temel Politikas\u0131 Antalya, Alanya, Mahmutlar, Demirta\u015f, Karg\u0131cak, Gazipa\u015fa\u2018da Emlak Al\u0131m, Sat\u0131m Kiralamada Kalite Hizmet G\u00fcven ve Eksizsiz Sat\u0131\u015f Politikas\u0131yla Siz De\u011ferli M\u00fc\u015fterilerine Yeni Hayat\u0131n\u0131zda Eksiksiz Hizmet Alman\u0131z\u0131 ve Yararlanman\u0131z\u0131 Sa\u011flamakt\u0131r.<\/p>\n<p style=\"font-weight: 400;\"><b><strong>Alanya Estate \/ Property;\u00a0<\/strong><\/b>Firmas\u0131 Emlak Al\u0131m Sat\u0131m ve Kiralamada Deneyimli ve Profesyonel Kadrosu ile b\u00fcrokratik i\u015flemleri i\u00e7in gerekli olan evrak haz\u0131rl\u0131klar\u0131, Emlak Al\u0131m sat\u0131mda ba\u015fvuru \u00f6ncesi evrak prosed\u00fcrlerini deneyimli kadromuzla siz \u00c7ay\u0131n\u0131z\u0131 i\u00e7erken biz yapmaktay\u0131z.<\/p>\n<p style=\"font-weight: 400;\"><b><strong>Alanya Estate \/ Property;\u00a0Firmas\u0131<\/strong><\/b>\u00a0Emlak Sekt\u00f6r\u00fcnde Rekabetin Yo\u011fun Oldu\u011fu Alanya il\u00e7esinde Hizmetlerini Daha Verimli ve Kaliteli vermek i\u00e7in her ge\u00e7en g\u00fcn \u00e7al\u0131\u015fmalar\u0131m\u0131z\u0131 ve i\u015f politikalar\u0131m\u0131z\u0131 M\u00fc\u015fteri memnuniyetini en \u00f6n safhada tutarak deneyimli kadrosuyla emlak sekt\u00f6r\u00fcnde bir D\u00fcnya Markas\u0131 Olma Yolunda emin ad\u0131mlarla hizmet vermektedir.<\/p>\n<p>Firma Web Sayfas\u0131 olan ;\u00a0<a href=\"http:\/\/www.alanyaestate.com\/\"><b><strong>www.alanyaestate.com<\/strong><\/b><\/a>\u00a0adresinden istedi\u011finiz gayrimenkule hemen ula\u015fabilirsiniz.[\/vc_column_text][\/vc_column][\/vc_row][vc_row el_class=&#8221;customers-area&#8221;][vc_column css=&#8221;.vc_custom_1619512438150{padding-top: 0px !important;}&#8221;]<div class=\"hero title-smaller hero--bottom-separator text-center text-info text-uppercase\">M\u00fc\u015fterilerimiz Bizim Hakk\u0131m\u0131z 'da Ne D\u00fc\u015f\u00fcn\u00fcyor.<\/div>[vc_empty_space height=&#8221;20&#8243;]    <div class=\"carousel-container carousel-container\">\n        <div class=\"prev-button js-prev\"><\/div>\n        <div class=\"next-button js-next\"><\/div>\n        <div class=\"comments-carousel js-comments-carousel\">\n                        <div>\n                <div class=\"item\">\n                    <a href=\"https:\/\/alanyaestate.com\/tr\/testimonial\/turkish-alanya\/\">\n                        <div class=\"image\">\n                            <span class=\"video-link\">\n                                <i class=\"fas fa-comment-dots\"><\/i>\n                            <\/span>\n                            <img decoding=\"async\" src=\"\" alt=\"\" \/>\n                        <\/div>\n                        <div class=\"info\">\n                            <div class=\"label\">Alanya - <\/div>\n                            <div class=\"desc\">\n                            Devam\u0131n\u0131 Oku...                            <\/div>\n                        <\/div>\n                    <\/a>\n                <\/div>\n            <\/div>\n                    <\/div>\n    <\/div>\n    [\/vc_column][\/vc_row][vc_row][vc_column el_class=&#8221;listing-form-area&#8221;]<div class=\"hero text-left\">Size \u00d6zel Portf\u00f6y Sunumu i\u00e7in \u0130rtibata Ge\u00e7iniz.<\/div><div class=\"desc subhead\">A\u015fa\u011f\u0131daki Mail Formuna Bilgilerinizi Girin, Dan\u0131\u015fmanlar\u0131m\u0131z Size Detayl\u0131 Bilgi Versin.<\/div>\n<div class=\"wpcf7 no-js\" id=\"wpcf7-f1171-o2\" lang=\"en-US\" dir=\"ltr\" data-wpcf7-id=\"1171\">\n<div class=\"screen-reader-response\"><p role=\"status\" aria-live=\"polite\" aria-atomic=\"true\"><\/p> <ul><\/ul><\/div>\n<form action=\"\/tr\/wp-json\/wp\/v2\/pages\/1311#wpcf7-f1171-o2\" method=\"post\" class=\"wpcf7-form init\" aria-label=\"Contact form\" novalidate=\"novalidate\" data-status=\"init\">\n<fieldset class=\"hidden-fields-container\"><input type=\"hidden\" name=\"_wpcf7\" value=\"1171\" \/><input type=\"hidden\" name=\"_wpcf7_version\" value=\"6.1.4\" \/><input type=\"hidden\" name=\"_wpcf7_locale\" value=\"en_US\" \/><input type=\"hidden\" name=\"_wpcf7_unit_tag\" value=\"wpcf7-f1171-o2\" \/><input type=\"hidden\" name=\"_wpcf7_container_post\" value=\"0\" \/><input type=\"hidden\" name=\"_wpcf7_posted_data_hash\" value=\"\" \/><input type=\"hidden\" name=\"_wpcf7_recaptcha_response\" value=\"\" \/>\n<\/fieldset>\n<div class=\"fields fields-3\">\n<span class=\"wpcf7-form-control-wrap\" data-name=\"your-name\"><input size=\"40\" maxlength=\"400\" class=\"wpcf7-form-control wpcf7-text wpcf7-validates-as-required name\" aria-required=\"true\" aria-invalid=\"false\" placeholder=\"Name*\" value=\"\" type=\"text\" name=\"your-name\" \/><\/span>\n<span class=\"wpcf7-form-control-wrap\" data-name=\"your-email\"><input size=\"40\" maxlength=\"400\" class=\"wpcf7-form-control wpcf7-email wpcf7-validates-as-required wpcf7-text wpcf7-validates-as-email email\" aria-required=\"true\" aria-invalid=\"false\" placeholder=\"E-Mail*\" value=\"\" type=\"email\" name=\"your-email\" \/><\/span>\n<span class=\"wpcf7-form-control-wrap\" data-name=\"your-phone\"><input size=\"40\" maxlength=\"400\" class=\"wpcf7-form-control wpcf7-tel wpcf7-text wpcf7-validates-as-tel phone\" aria-invalid=\"false\" placeholder=\"Phone\" value=\"\" type=\"tel\" name=\"your-phone\" \/><\/span>\n<\/div>\n<div class=\"fields fields-odd\">\n<span class=\"wpcf7-form-control-wrap\" data-name=\"your-question\"><input size=\"40\" maxlength=\"400\" class=\"wpcf7-form-control wpcf7-text wpcf7-validates-as-required question\" aria-required=\"true\" aria-invalid=\"false\" placeholder=\"Any Question?\" value=\"\" type=\"text\" name=\"your-question\" \/><\/span>\n<input class=\"wpcf7-form-control wpcf7-submit has-spinner\" type=\"submit\" value=\"Request Details\" \/>\n<\/div><div class=\"wpcf7-response-output\" aria-hidden=\"true\"><\/div>\n<\/form>\n<\/div>\n[vc_empty_space][\/vc_column][\/vc_row]<\/p>","protected":false},"excerpt":{"rendered":"<p>[vc_row][vc_column][vc_column_text] Alanya Estate \/ Property Emlak ve \u0130n\u015faat\u00a0 firmas\u0131 se\u00e7kin ve geni\u015f Portf\u00f6y\u00fc ile Akdeniz\u2019in incisi Alanya\u2019da kurulmu\u015ftur. \u00a0 Gayrimenkul sekt\u00f6r\u00fcnde m\u00fc\u015fteri memnuniyeti ve g\u00fcven ihtiya\u00e7 duyulan en \u00f6nemli kriterlerin ba\u015f\u0131nda gelmektedir. M\u00fc\u015fteri memnuniyeti odakl\u0131 kalite anlay\u0131\u015f\u0131yla \u00e7\u00f6z\u00fcm orta\u011f\u0131 olarak hareket eden\u00a0Alanya\u00a0Estate, bu ihtiyac\u0131 kar\u015f\u0131lamak amac\u0131yla konusunda uzman kadrosuyla, farkl\u0131 fiyat ve \u00f6zelliklerde geni\u015f portf\u00f6y\u00fc, [&hellip;]<\/p>\n","protected":false},"author":5,"featured_media":0,"parent":0,"menu_order":0,"comment_status":"closed","ping_status":"closed","template":"","meta":{"inline_featured_image":false,"footnotes":""},"class_list":["post-1311","page","type-page","status-publish","hentry"],"_links":{"self":[{"href":"https:\/\/alanyaestate.com\/tr\/wp-json\/wp\/v2\/pages\/1311","targetHints":{"allow":["GET"]}}],"collection":[{"href":"https:\/\/alanyaestate.com\/tr\/wp-json\/wp\/v2\/pages"}],"about":[{"href":"https:\/\/alanyaestate.com\/tr\/wp-json\/wp\/v2\/types\/page"}],"author":[{"embeddable":true,"href":"https:\/\/alanyaestate.com\/tr\/wp-json\/wp\/v2\/users\/5"}],"replies":[{"embeddable":true,"href":"https:\/\/alanyaestate.com\/tr\/wp-json\/wp\/v2\/comments?post=1311"}],"version-history":[{"count":3,"href":"https:\/\/alanyaestate.com\/tr\/wp-json\/wp\/v2\/pages\/1311\/revisions"}],"predecessor-version":[{"id":20541,"href":"https:\/\/alanyaestate.com\/tr\/wp-json\/wp\/v2\/pages\/1311\/revisions\/20541"}],"wp:attachment":[{"href":"https:\/\/alanyaestate.com\/tr\/wp-json\/wp\/v2\/media?parent=1311"}],"curies":[{"name":"wp","href":"https:\/\/api.w.org\/{rel}","templated":true}]}}