{"id":246,"date":"2021-03-07T14:04:49","date_gmt":"2021-03-07T14:04:49","guid":{"rendered":"https:\/\/alanyaestate.com\/?page_id=246"},"modified":"2023-02-04T12:26:03","modified_gmt":"2023-02-04T12:26:03","slug":"contact","status":"publish","type":"page","link":"https:\/\/alanyaestate.com\/tr\/contact\/","title":{"rendered":"\u0130leti\u015fim"},"content":{"rendered":"<p>[vc_row][vc_column][vc_gmaps link=&#8221;#E-8_JTNDaWZyYW1lJTIwc3JjJTNEJTIyaHR0cHMlM0ElMkYlMkZ3d3cuZ29vZ2xlLmNvbSUyRm1hcHMlMkZlbWJlZCUzRnBiJTNEJTIxMW0xOCUyMTFtMTIlMjExbTMlMjExZDMyMDguMTMxMTYyNzkzODM0NCUyMTJkMzIuMTA3OTYwOTk5OTk5OTklMjEzZDM2LjQ3ODU0Nzk5OTk5OTk5NiUyMTJtMyUyMTFmMCUyMTJmMCUyMTNmMCUyMTNtMiUyMTFpMTAyNCUyMTJpNzY4JTIxNGYxMy4xJTIxM20zJTIxMW0yJTIxMXMweDAlMjUzQTB4ZjRkZWNmNTM1ZDJiNzYxJTIxMnpNemJDc0RJNEp6UXlMamdpVGlBek1zS3dNRFluTWpndU55SkYlMjE1ZTAlMjEzbTIlMjExc3RyJTIxMnN0ciUyMTR2MTY3NDcyNDE4MDI3NSUyMTVtMiUyMTFzdHIlMjEyc3RyJTIyJTIwd2lkdGglM0QlMjIxMDAlMjUlMjIlMjBoZWlnaHQlM0QlMjI0NTAlMjIlMjBzdHlsZSUzRCUyMmJvcmRlciUzQTAlM0IlMjIlMjBhbGxvd2Z1bGxzY3JlZW4lM0QlMjIlMjIlMjBsb2FkaW5nJTNEJTIybGF6eSUyMiUyMHJlZmVycmVycG9saWN5JTNEJTIybm8tcmVmZXJyZXItd2hlbi1kb3duZ3JhZGUlMjIlM0UlM0MlMkZpZnJhbWUlM0UlMjA=&#8221; css=&#8221;.vc_custom_1674724286294{margin-bottom: 0px !important;}&#8221;][\/vc_column][\/vc_row][vc_row][vc_column]<div class=\"hero cast-title\">Alanya Estate \u0130leti\u015fim Adresi<\/div>[\/vc_column][\/vc_row][vc_row equal_height=&#8221;yes&#8221; css=&#8221;.vc_custom_1619367632910{margin-bottom: 60px !important;}&#8221;][vc_column width=&#8221;5\/12&#8243;][vc_row_inner][vc_column_inner][vc_column_text]<strong>Alanya Estate<\/strong><br \/>\nMahmutlar Mah. 256 Sok. Turano\u011flu 3 Apt. 8\/A\u00a0 \u00a0Antalya \/ Alanya \/ Turkey<\/p>\n<p>&nbsp;<\/p>\n<ul class=\"fa-ul\">\n<li>+90 533 448 45 58<\/li>\n<li><i class=\"fa-li fas fa-envelope\"><\/i>info@alanyaestate.com<\/li>\n<\/ul>\n<p>[\/vc_column_text][\/vc_column_inner][\/vc_row_inner]<div class=\"hero h4\">\u0130leti\u015fim Formu<\/div>\n<div class=\"wpcf7 no-js\" id=\"wpcf7-f18783-o2\" lang=\"en-US\" dir=\"ltr\" data-wpcf7-id=\"18783\">\n<div class=\"screen-reader-response\"><p role=\"status\" aria-live=\"polite\" aria-atomic=\"true\"><\/p> <ul><\/ul><\/div>\n<form action=\"\/tr\/wp-json\/wp\/v2\/pages\/246#wpcf7-f18783-o2\" method=\"post\" class=\"wpcf7-form init\" aria-label=\"Contact form\" novalidate=\"novalidate\" data-status=\"init\">\n<fieldset class=\"hidden-fields-container\"><input type=\"hidden\" name=\"_wpcf7\" value=\"18783\" \/><input type=\"hidden\" name=\"_wpcf7_version\" value=\"6.1.4\" \/><input type=\"hidden\" name=\"_wpcf7_locale\" value=\"en_US\" \/><input type=\"hidden\" name=\"_wpcf7_unit_tag\" value=\"wpcf7-f18783-o2\" \/><input type=\"hidden\" name=\"_wpcf7_container_post\" value=\"0\" \/><input type=\"hidden\" name=\"_wpcf7_posted_data_hash\" value=\"\" \/><input type=\"hidden\" name=\"_wpcf7_recaptcha_response\" value=\"\" \/>\n<\/fieldset>\n<div class=\"nth-cf7\">\n<span class=\"wpcf7-form-control-wrap\" data-name=\"your-name\"><input size=\"40\" maxlength=\"400\" class=\"wpcf7-form-control wpcf7-text wpcf7-validates-as-required name\" aria-required=\"true\" aria-invalid=\"false\" placeholder=\"\u0130sim*\" value=\"\" type=\"text\" name=\"your-name\" \/><\/span>\n<span class=\"wpcf7-form-control-wrap\" data-name=\"your-email\"><input size=\"40\" maxlength=\"400\" class=\"wpcf7-form-control wpcf7-email wpcf7-validates-as-required wpcf7-text wpcf7-validates-as-email email\" aria-required=\"true\" aria-invalid=\"false\" placeholder=\"E-Mail*\" value=\"\" type=\"email\" name=\"your-email\" \/><\/span>\n<span class=\"wpcf7-form-control-wrap\" data-name=\"your-subject\"><input size=\"40\" maxlength=\"400\" class=\"wpcf7-form-control wpcf7-text wpcf7-validates-as-required name\" aria-required=\"true\" aria-invalid=\"false\" placeholder=\"Konu*\" value=\"\" type=\"text\" name=\"your-subject\" \/><\/span>\n<span class=\"wpcf7-form-control-wrap\" data-name=\"your-message\"><textarea cols=\"40\" rows=\"3\" maxlength=\"2000\" class=\"wpcf7-form-control wpcf7-textarea no-resize\" aria-invalid=\"false\" placeholder=\"Mesaj\u0131n\u0131z\" name=\"your-message\"><\/textarea><\/span>\n<\/div>\n<input class=\"wpcf7-form-control wpcf7-submit has-spinner btn btn-outline-success\" type=\"submit\" value=\"G\u00d6NDER\" \/><div class=\"wpcf7-response-output\" aria-hidden=\"true\"><\/div>\n<\/form>\n<\/div>\n<div class=\"social-media sc-social mt-4\"><ul class=\"dark\"><li class=\"facebook\"><a href=\"https:\/\/www.facebook.com\/alanyaestatee\" target=\"_blank\" title=\"Facebook\" data-toggle=\"tooltip\"><i class=\"fab fa-facebook-f\"><\/i><\/a><\/li><li class=\"instagram\"><a href=\"https:\/\/www.instagram.com\/alanyaestatee\/\" target=\"_blank\" title=\"Instagram\" data-toggle=\"tooltip\"><i class=\"fab fa-instagram\"><\/i><\/a><\/li><li class=\"youtube\"><a href=\"https:\/\/www.youtube.com\/channel\/UCunxxDU3lmtD1c_OUGgLDmg?view_as=subscriber\" target=\"_blank\" title=\"Youtube\" data-toggle=\"tooltip\"><i class=\"fab fa-youtube\"><\/i><\/a><\/li><\/ul><\/div>[\/vc_column][vc_column width=&#8221;7\/12&#8243; css=&#8221;.vc_custom_1619367220052{background-color: #f4f4f4 !important;}&#8221;]<div class=\"hero h4\">Alanya Estate \u00c7al\u0131\u015fma Arkada\u015flar\u0131m\u0131z<\/div>[vc_column_text]<strong>Alanya Estate, Biz Sadece Gayrimenkul Al\u0131p Satm\u0131yoruz. M\u00fc\u015fterilerimize \u00c7e\u015fitli Gayrimenkuller Sunuyoruz..<\/strong>[\/vc_column_text]        <style>\n         .agents-carousel .slick-slide {\n            padding: 45px;\n            background: transparent;\n        }\n        .the-agent {\n            background: #fff;\n            border-radius: 15px;\n            box-shadow: 0px 0px 11px #3333;\n        }\n        .the-agent .the-agent-thumbnail-image img {\n          border-radius: 15px;\n    max-width: 235px;\n    height: 210px;\n    width: 234.5px;\n    object-fit: cover;\n    background: #201639;\n        }\n       @media only screen and (max-width: 748px) {\n        .the-agent .the-agent-thumbnail-image img {\n            max-width: 100%;  \n        }\n       }\n        .the-agent .the-agent-content h4 {\n            color: #4b55c4;\n            font-weight: 700;\n            font-size: 18px;\n            margin-top: 15px;\n        }\n        .the-agent  .agent-languages {\n            min-height: auto !important;\n        }\n        .agent-additional-fields, .agent-description, .agent-contact, .agent-social {\n            margin-top: 5px;\n        }\n        .the-agent .the-agent-thumbnail-image figure {\n            background: transparent;\n            margin-bottom: -6px;\n        }\n        .the-agent .the-agent-thumbnail-image figcaption {\n            background-color: #010424d4;\n        }\n        ul.agent-social-link a {\n            position: relative !important;\n            color: #000;\n            background: rgb(255,255,255);\n            background: linear-gradient(90deg, rgba(255,255,255,1) 0%, rgba(230,230,230,1) 35%, rgba(212,215,215,1) 100%);\n            border-radius: 99px;\n            width: 35px;\n            height: 35px;\n            display: inline-block;\n            text-align: center;\n            line-height: 35px;\n        }\n        ul.agent-social-link li {\n            margin-left:0px;\n            padding: 2px;\n        }\n        .js-agents-slider-prev {  }\n        .js-agents-slider-next {  }\n        .agents-slider-button {\n              display: inline-block;\n    width: 50px;\n    height: 50px;\n    border-radius: 10px;\n    -webkit-box-shadow: 0px 0 35px 0px rgb(28 45 58 \/ 7%);\n    box-shadow: 0px 0 35px 0px rgb(28 45 58 \/ 7%);\n    background-color: #ffffff;\n    font-size: 25px;\n    line-height: 48px;\n    cursor: pointer;\n    margin-bottom: 50px;\n        }\n        .agents-slider-arrow-container {\n            text-align: center;\n        }\n        .agent-section-title,\n        .agent-badgle {\n           text-align: center;\n        }\n        .agent-badgle span {\n            background:linear-gradient(48deg, #2c2e97 0%, #4b55c4 100%);\n            border-radius: 5px;\n            padding: 4px 15px 3px;\n            font-weight: 500;\n            font-size: 14px;\n            color: #ffffff;\n            display: inline-block;\n            text-transform: capitalize;\n        }\n\n        .agent-section-title h3 {\n\n        }\n        .agent-section-title hr {\n            width: 80px;\n            margin: 20px auto 0;\n            height: 2px;\n            color: #6432b8;\n            opacity: 1;\n            -webkit-transition: all 0.5s;\n            transition: all 0.5s;\n        }\n        .agent-section-title:hover hr {\n            width: 150px;\n        }\n        <\/style>\n        <div class=\"agent-badgle\"><span>Gayrimenkul Temsilcisi<\/span><\/div>\n        <div class=\"agent-section-title\"><h3>Temsilcilerimizle Tan\u0131\u015f\u0131n<\/h3>\n        <hr>\n        <\/div>\n\n\n        <div class=\"agents-carousel js-agents-carousel \" data-itemcount=\"1\">\n                        <div class=\"the-agent-item\">\n                <div class=\"the-agent row\">\n                    <div class=\"the-agent-thumbnail-image col-sm-5 p-0\">\n                        <figure class=\"imghvr-shutter-out-diag-2\">\n                                                   <img decoding=\"async\" src=\"https:\/\/alanyaestate.com\/wp-content\/uploads\/2023\/01\/suleyman-sonemz-vesikalik.jpg\" class=\"img-fluid\" alt=\"S\u00fcleyman S\u00d6NMEZ\">\n\n                            <figcaption>\n                                <h4>S\u00fcleyman S\u00d6NMEZ<\/h4>\n                                                                    <div class=\"agent-additional-fields\">\n                                        <div class=\"agent-position\">Kurucu<\/div>\n                                    <\/div>\n                                                                                                <div class=\"agent-social\">\n                                    <ul class=\"agent-social-link\">\n                                        <li><a href=\"https:\/\/www.facebook.com\/alanyaestatee\" target=\"_blank\"><i class=\"fab fa-facebook-f\"><\/i><\/a><\/li><li><a href=\"https:\/\/twitter.com\/alanyaestatee\" target=\"_blank\"><i class=\"fab fa-twitter\"><\/i><\/a><\/li><li><a href=\"https:\/\/instagram.com\/alanyaestatee?igshid=MDE2OWE1N2Q=\" target=\"_blank\"><i class=\"fab fa-instagram\"><\/i><\/a><\/li><li><a href=\"https:\/\/www.linkedin.com\/in\/alanya-estate-b4329224\/\" target=\"_blank\"><i class=\"fab fa-linkedin-in\"><\/i><\/a><\/li>                                    <\/ul>\n                                <\/div>\n                                                            <\/figcaption>\n                        <\/figure>\n                    <\/div>\n                    <div class=\"the-agent-content col-sm-7\">\n                        <h4>S\u00fcleyman S\u00d6NMEZ<\/h4>\n                                                    <div class=\"agent-additional-fields\">\n                                <div class=\"agent-position\">Kurucu<\/div>\n                            <\/div>\n                        \n                                                    <div class=\"agent-languages\">\n                                                            <ul>\n                                    <li><img decoding=\"async\" src=\"\/wp-content\/plugins\/qtranslate-xt\/flags\/en.png\" \/><\/li><li><img decoding=\"async\" src=\"\/wp-content\/plugins\/qtranslate-xt\/flags\/tr.png\" \/><\/li>                                <\/ul>\n                                                        <\/div>\n                                                <div class=\"agent-contact\">\n                                                        <div><i class=\"fas fa-envelope\"><\/i><a href=\"mailto:info@alanyaestate.com\">info@alanyaestate.com<\/a><\/div>\n                                                        <div><i class=\"fab fa-whatsapp\"><\/i><a href=\"https:\/\/wa.me\/+905334484558\">+905334484558<\/a><\/div>\n                                                    <\/div>\n                                            <\/div>\n                <\/div>\n            <\/div>\n                        <div class=\"the-agent-item\">\n                <div class=\"the-agent row\">\n                    <div class=\"the-agent-thumbnail-image col-sm-5 p-0\">\n                        <figure class=\"imghvr-shutter-out-diag-2\">\n                                                   <img decoding=\"async\" src=\"https:\/\/alanyaestate.com\/wp-content\/uploads\/2023\/01\/omer-kansu.jpg\" class=\"img-fluid\" alt=\"\u00d6mer KANSU\">\n\n                            <figcaption>\n                                <h4>\u00d6mer KANSU<\/h4>\n                                                                    <div class=\"agent-additional-fields\">\n                                        <div class=\"agent-position\">Sat\u0131\u015f M\u00fcd\u00fcr\u00fc<\/div>\n                                    <\/div>\n                                                                                                <div class=\"agent-social\">\n                                    <ul class=\"agent-social-link\">\n                                        <li><a href=\"https:\/\/www.facebook.com\/alanyaestatee\" target=\"_blank\"><i class=\"fab fa-facebook-f\"><\/i><\/a><\/li><li><a href=\"https:\/\/twitter.com\/alanyaestatee\" target=\"_blank\"><i class=\"fab fa-twitter\"><\/i><\/a><\/li><li><a href=\"https:\/\/instagram.com\/alanyaestatee?igshid=MDE2OWE1N2Q=\" target=\"_blank\"><i class=\"fab fa-instagram\"><\/i><\/a><\/li><li><a href=\"https:\/\/www.linkedin.com\/in\/alanya-estate-b4329224\/\" target=\"_blank\"><i class=\"fab fa-linkedin-in\"><\/i><\/a><\/li>                                    <\/ul>\n                                <\/div>\n                                                            <\/figcaption>\n                        <\/figure>\n                    <\/div>\n                    <div class=\"the-agent-content col-sm-7\">\n                        <h4>\u00d6mer KANSU<\/h4>\n                                                    <div class=\"agent-additional-fields\">\n                                <div class=\"agent-position\">Sat\u0131\u015f M\u00fcd\u00fcr\u00fc<\/div>\n                            <\/div>\n                        \n                                                    <div class=\"agent-languages\">\n                                                            <ul>\n                                    <li><img decoding=\"async\" src=\"\/wp-content\/plugins\/qtranslate-xt\/flags\/en.png\" \/><\/li><li><img decoding=\"async\" src=\"\/wp-content\/plugins\/qtranslate-xt\/flags\/ru.png\" \/><\/li><li><img decoding=\"async\" src=\"\/wp-content\/plugins\/qtranslate-xt\/flags\/tr.png\" \/><\/li>                                <\/ul>\n                                                        <\/div>\n                                                <div class=\"agent-contact\">\n                                                        <div><i class=\"fas fa-envelope\"><\/i><a href=\"mailto:omer@alanyaestate.com\">omer@alanyaestate.com<\/a><\/div>\n                                                        <div><i class=\"fab fa-whatsapp\"><\/i><a href=\"https:\/\/wa.me\/+905372102116\">+905372102116<\/a><\/div>\n                                                    <\/div>\n                                            <\/div>\n                <\/div>\n            <\/div>\n                        <div class=\"the-agent-item\">\n                <div class=\"the-agent row\">\n                    <div class=\"the-agent-thumbnail-image col-sm-5 p-0\">\n                        <figure class=\"imghvr-shutter-out-diag-2\">\n                                                   <img decoding=\"async\" src=\"https:\/\/alanyaestate.com\/wp-content\/uploads\/2022\/09\/WhatsApp-Image-2022-09-24-at-12.07.52.jpeg\" class=\"img-fluid\" alt=\"Emrah UYSAL\">\n\n                            <figcaption>\n                                <h4>Emrah UYSAL<\/h4>\n                                                                    <div class=\"agent-additional-fields\">\n                                        <div class=\"agent-position\">Sat\u0131\u015f Temsilcisi<\/div>\n                                    <\/div>\n                                                                                                <div class=\"agent-social\">\n                                    <ul class=\"agent-social-link\">\n                                        <li><a href=\"https:\/\/www.facebook.com\/alanyaestatee\" target=\"_blank\"><i class=\"fab fa-facebook-f\"><\/i><\/a><\/li><li><a href=\"https:\/\/twitter.com\/alanyaestatee\" target=\"_blank\"><i class=\"fab fa-twitter\"><\/i><\/a><\/li><li><a href=\"https:\/\/instagram.com\/alanyaestatee?igshid=MDE2OWE1N2Q=\" target=\"_blank\"><i class=\"fab fa-instagram\"><\/i><\/a><\/li><li><a href=\"https:\/\/www.linkedin.com\/in\/alanya-estate-b4329224\/\" target=\"_blank\"><i class=\"fab fa-linkedin-in\"><\/i><\/a><\/li>                                    <\/ul>\n                                <\/div>\n                                                            <\/figcaption>\n                        <\/figure>\n                    <\/div>\n                    <div class=\"the-agent-content col-sm-7\">\n                        <h4>Emrah UYSAL<\/h4>\n                                                    <div class=\"agent-additional-fields\">\n                                <div class=\"agent-position\">Sat\u0131\u015f Temsilcisi<\/div>\n                            <\/div>\n                        \n                                                    <div class=\"agent-languages\">\n                                                            <ul>\n                                    <li><img decoding=\"async\" src=\"\/wp-content\/plugins\/qtranslate-xt\/flags\/tr.png\" \/><\/li>                                <\/ul>\n                                                        <\/div>\n                                                <div class=\"agent-contact\">\n                                                        <div><i class=\"fas fa-envelope\"><\/i><a href=\"mailto:emrah@alanyaestate.com\">emrah@alanyaestate.com<\/a><\/div>\n                                                        <div><i class=\"fab fa-whatsapp\"><\/i><a href=\"https:\/\/wa.me\/+905356659181\">+905356659181<\/a><\/div>\n                                                    <\/div>\n                                            <\/div>\n                <\/div>\n            <\/div>\n                        <div class=\"the-agent-item\">\n                <div class=\"the-agent row\">\n                    <div class=\"the-agent-thumbnail-image col-sm-5 p-0\">\n                        <figure class=\"imghvr-shutter-out-diag-2\">\n                                                   <img decoding=\"async\" src=\"https:\/\/alanyaestate.com\/wp-content\/uploads\/2023\/01\/vesikalik-ferid.jpg\" class=\"img-fluid\" alt=\"Fahad Alsaif\">\n\n                            <figcaption>\n                                <h4>Fahad Alsaif<\/h4>\n                                                                    <div class=\"agent-additional-fields\">\n                                        <div class=\"agent-position\">Sat\u0131\u015f Temsilcisi<\/div>\n                                    <\/div>\n                                                                                                <div class=\"agent-social\">\n                                    <ul class=\"agent-social-link\">\n                                        <li><a href=\"https:\/\/www.facebook.com\/alanyaestatee\" target=\"_blank\"><i class=\"fab fa-facebook-f\"><\/i><\/a><\/li><li><a href=\"https:\/\/twitter.com\/alanyaestatee\" target=\"_blank\"><i class=\"fab fa-twitter\"><\/i><\/a><\/li><li><a href=\"https:\/\/instagram.com\/alanyaestatee?igshid=MDE2OWE1N2Q=\" target=\"_blank\"><i class=\"fab fa-instagram\"><\/i><\/a><\/li><li><a href=\"https:\/\/www.linkedin.com\/in\/alanya-estate-b4329224\/\" target=\"_blank\"><i class=\"fab fa-linkedin-in\"><\/i><\/a><\/li>                                    <\/ul>\n                                <\/div>\n                                                            <\/figcaption>\n                        <\/figure>\n                    <\/div>\n                    <div class=\"the-agent-content col-sm-7\">\n                        <h4>Fahad Alsaif<\/h4>\n                                                    <div class=\"agent-additional-fields\">\n                                <div class=\"agent-position\">Sat\u0131\u015f Temsilcisi<\/div>\n                            <\/div>\n                        \n                                                    <div class=\"agent-languages\">\n                                                            <ul>\n                                    <li><img decoding=\"async\" src=\"\/wp-content\/plugins\/qtranslate-xt\/flags\/arle.png\" \/><\/li><li><img decoding=\"async\" src=\"\/wp-content\/plugins\/qtranslate-xt\/flags\/tr.png\" \/><\/li>                                <\/ul>\n                                                        <\/div>\n                                                <div class=\"agent-contact\">\n                                                        <div><i class=\"fas fa-envelope\"><\/i><a href=\"mailto:fahad@alanyaestate.com\">fahad@alanyaestate.com<\/a><\/div>\n                                                        <div><i class=\"fab fa-whatsapp\"><\/i><a href=\"https:\/\/wa.me\/+905356659199\">+905356659199<\/a><\/div>\n                                                    <\/div>\n                                            <\/div>\n                <\/div>\n            <\/div>\n                    <\/div>\n        <div class=\"agents-slider-arrow-container\">\n        <div class=\"agents-slider-button agents-slider-prev-button js-agents-slider-prev\"><i class=\"fas fa-angle-left\"><\/i><\/div>\n        <div class=\"agents-slider-button agents-slider-next-button js-agents-slider-next\"><i class=\"fas fa-angle-right\"><\/i><\/div>\n        <\/div>\n        [\/vc_column][\/vc_row]<\/p>","protected":false},"excerpt":{"rendered":"<p>[vc_row][vc_column][vc_gmaps link=&#8221;#E-8_JTNDaWZyYW1lJTIwc3JjJTNEJTIyaHR0cHMlM0ElMkYlMkZ3d3cuZ29vZ2xlLmNvbSUyRm1hcHMlMkZlbWJlZCUzRnBiJTNEJTIxMW0xOCUyMTFtMTIlMjExbTMlMjExZDMyMDguMTMxMTYyNzkzODM0NCUyMTJkMzIuMTA3OTYwOTk5OTk5OTklMjEzZDM2LjQ3ODU0Nzk5OTk5OTk5NiUyMTJtMyUyMTFmMCUyMTJmMCUyMTNmMCUyMTNtMiUyMTFpMTAyNCUyMTJpNzY4JTIxNGYxMy4xJTIxM20zJTIxMW0yJTIxMXMweDAlMjUzQTB4ZjRkZWNmNTM1ZDJiNzYxJTIxMnpNemJDc0RJNEp6UXlMamdpVGlBek1zS3dNRFluTWpndU55SkYlMjE1ZTAlMjEzbTIlMjExc3RyJTIxMnN0ciUyMTR2MTY3NDcyNDE4MDI3NSUyMTVtMiUyMTFzdHIlMjEyc3RyJTIyJTIwd2lkdGglM0QlMjIxMDAlMjUlMjIlMjBoZWlnaHQlM0QlMjI0NTAlMjIlMjBzdHlsZSUzRCUyMmJvcmRlciUzQTAlM0IlMjIlMjBhbGxvd2Z1bGxzY3JlZW4lM0QlMjIlMjIlMjBsb2FkaW5nJTNEJTIybGF6eSUyMiUyMHJlZmVycmVycG9saWN5JTNEJTIybm8tcmVmZXJyZXItd2hlbi1kb3duZ3JhZGUlMjIlM0UlM0MlMkZpZnJhbWUlM0UlMjA=&#8221; css=&#8221;.vc_custom_1674724286294{margin-bottom: 0px !important;}&#8221;][\/vc_column][\/vc_row][vc_row][vc_column][\/vc_column][\/vc_row][vc_row equal_height=&#8221;yes&#8221; css=&#8221;.vc_custom_1619367632910{margin-bottom: 60px !important;}&#8221;][vc_column width=&#8221;5\/12&#8243;][vc_row_inner][vc_column_inner][vc_column_text]Alanya Estate Mahmutlar Mah. 256 Sok. Turano\u011flu 3 Apt. 8\/A\u00a0 \u00a0Antalya \/ Alanya \/ Turkey &nbsp; +90 533 448 45 58 info@alanyaestate.com [\/vc_column_text][\/vc_column_inner][\/vc_row_inner][\/vc_column][vc_column width=&#8221;7\/12&#8243; css=&#8221;.vc_custom_1619367220052{background-color: #f4f4f4 !important;}&#8221;][vc_column_text]Alanya Estate, Biz Sadece Gayrimenkul Al\u0131p Satm\u0131yoruz. M\u00fc\u015fterilerimize \u00c7e\u015fitli Gayrimenkuller Sunuyoruz..[\/vc_column_text][\/vc_column][\/vc_row]<\/p>\n","protected":false},"author":5,"featured_media":0,"parent":0,"menu_order":0,"comment_status":"closed","ping_status":"closed","template":"","meta":{"inline_featured_image":false,"footnotes":""},"class_list":["post-246","page","type-page","status-publish","hentry"],"_links":{"self":[{"href":"https:\/\/alanyaestate.com\/tr\/wp-json\/wp\/v2\/pages\/246","targetHints":{"allow":["GET"]}}],"collection":[{"href":"https:\/\/alanyaestate.com\/tr\/wp-json\/wp\/v2\/pages"}],"about":[{"href":"https:\/\/alanyaestate.com\/tr\/wp-json\/wp\/v2\/types\/page"}],"author":[{"embeddable":true,"href":"https:\/\/alanyaestate.com\/tr\/wp-json\/wp\/v2\/users\/5"}],"replies":[{"embeddable":true,"href":"https:\/\/alanyaestate.com\/tr\/wp-json\/wp\/v2\/comments?post=246"}],"version-history":[{"count":3,"href":"https:\/\/alanyaestate.com\/tr\/wp-json\/wp\/v2\/pages\/246\/revisions"}],"predecessor-version":[{"id":26041,"href":"https:\/\/alanyaestate.com\/tr\/wp-json\/wp\/v2\/pages\/246\/revisions\/26041"}],"wp:attachment":[{"href":"https:\/\/alanyaestate.com\/tr\/wp-json\/wp\/v2\/media?parent=246"}],"curies":[{"name":"wp","href":"https:\/\/api.w.org\/{rel}","templated":true}]}}